{"id":63,"date":"2026-04-03T08:40:06","date_gmt":"2026-04-03T08:40:06","guid":{"rendered":"http:\/\/azureal.life\/index.php\/home\/"},"modified":"2026-04-03T20:01:11","modified_gmt":"2026-04-03T20:01:11","slug":"home","status":"publish","type":"page","link":"https:\/\/azureal.life\/","title":{"rendered":"Home"},"content":{"rendered":"\t\t<div data-elementor-type=\"wp-page\" data-elementor-id=\"63\" class=\"elementor elementor-63\">\n\t\t\t\t<div class=\"elementor-element elementor-element-7426c920 e-flex e-con-boxed e-con e-parent\" data-id=\"7426c920\" data-element_type=\"container\" data-e-type=\"container\" data-settings=\"{&quot;background_background&quot;:&quot;classic&quot;}\">\n\t\t\t\t\t<div class=\"e-con-inner\">\n\t\t\t\t<div class=\"elementor-element elementor-element-4a0fd027 elementor-widget elementor-widget-heading\" data-id=\"4a0fd027\" data-element_type=\"widget\" data-e-type=\"widget\" data-widget_type=\"heading.default\">\n\t\t\t\t\t<h1 class=\"elementor-heading-title elementor-size-default\">R\u00e9sidences exclusives \u2013 Abidjan<\/h1>\t\t\t\t<\/div>\n\t\t\t\t\t<\/div>\n\t\t\t\t<\/div>\n\t\t<div class=\"elementor-element elementor-element-10ab63b e-con-full e-flex e-con e-parent\" data-id=\"10ab63b\" data-element_type=\"container\" data-e-type=\"container\">\n\t\t\t\t<div class=\"elementor-element elementor-element-7a079370 elementor-widget elementor-widget-heading\" data-id=\"7a079370\" data-element_type=\"widget\" data-e-type=\"widget\" data-widget_type=\"heading.default\">\n\t\t\t\t\t<h2 class=\"elementor-heading-title elementor-size-default\">Huit (8) propri\u00e9t\u00e9s sont disponibles \u00e0 l\u2019acquisition dans un immeuble de R+8<\/h2>\t\t\t\t<\/div>\n\t\t<div class=\"elementor-element elementor-element-15da63c3 e-con-full e-flex e-con e-child\" data-id=\"15da63c3\" data-element_type=\"container\" data-e-type=\"container\">\n\t\t\t\t<div class=\"elementor-element elementor-element-5a8649bb elementor-widget elementor-widget-testimonial\" data-id=\"5a8649bb\" data-element_type=\"widget\" data-e-type=\"widget\" data-widget_type=\"testimonial.default\">\n\t\t\t\t\t\t\t<div class=\"elementor-testimonial-wrapper\">\n\t\t\t\t\t\t\t<div class=\"elementor-testimonial-content\">Fid\u00e8le aux codes de, l'exclusivit\u00e9 et l\u2019intimit\u00e9, chaque niveau n'accueille qu'un appartement de prestige, garantissant une qui\u00e9tude absolue .<\/p>Un projet unique pour ce qui appr\u00e9cient l\u2019harmonie avec la nature sans faire des compromis avec le tr\u00e8s grand confort mat\u00e9riel, l\u2019\u00e9l\u00e9gance et le raffinement. <\/p><\/p> <\/p><\/p> concierge@azureal.life<\/div>\n\t\t\t\n\t\t\t\t\t<\/div>\n\t\t\t\t\t\t<\/div>\n\t\t\t\t<\/div>\n\t\t\t\t<\/div>\n\t\t<div class=\"elementor-element elementor-element-3034535b e-con-full e-flex e-con e-parent\" data-id=\"3034535b\" data-element_type=\"container\" data-e-type=\"container\">\n\t\t<div class=\"elementor-element elementor-element-6a263b30 e-con-full e-flex e-con e-child\" data-id=\"6a263b30\" data-element_type=\"container\" data-e-type=\"container\">\n\t\t\t\t<div class=\"elementor-element elementor-element-2ef045f7 elementor-widget elementor-widget-heading\" data-id=\"2ef045f7\" data-element_type=\"widget\" data-e-type=\"widget\" data-widget_type=\"heading.default\">\n\t\t\t\t\t<h5 class=\"elementor-heading-title elementor-size-default\">Une Localisation Strat\u00e9gique et Visionnaire<\/h5>\t\t\t\t<\/div>\n\t\t\t\t<div class=\"elementor-element elementor-element-6cca1cbf elementor-widget elementor-widget-text-editor\" data-id=\"6cca1cbf\" data-element_type=\"widget\" data-e-type=\"widget\" data-widget_type=\"text-editor.default\">\n\t\t\t\t\t\t\t\t\t<p><strong>AzuR\u00e9al <\/strong>jouit d&#8217;un emplacement privil\u00e9gi\u00e9, entre <strong>Port-Bou\u00ebt et Azuretti<\/strong> en direction de Bassam, v\u00e9ritable carrefour entre s\u00e9r\u00e9nit\u00e9 et dynamisme :<\/p><ul><li>\u00c0 seulement <strong>200 m\u00e8tres<\/strong> des <strong>plages de l&#8217;Atlantique<\/strong>.<\/li><\/ul><ul><li>\u00c0 20 minutes de <strong>l&#8217;A\u00e9roport International F\u00e9lix Houphou\u00ebt-Boigny<\/strong> et 35 minutes du <strong>Port Autonome.<\/strong><\/li><\/ul><ul><li>\u00c0 proximit\u00e9 de la <strong>Y4<\/strong>, l\u2019infrastructure de contournement de Abidjan <strong>qui r\u00e9volutionne la connectivit\u00e9 urbaine.<\/strong><\/li><\/ul><ul><li><strong>Centre-ville d&#8217;Abidjan &#8211; Plateau <\/strong>facile d&#8217;acc\u00e9s<\/li><\/ul><p>L\u2019emplacement d\u2019<strong>AzuR\u00e9al<\/strong> s\u2019impose comme la r\u00e9ponse id\u00e9ale pour tous ceux dont la <strong>ma\u00eetrise du temps et la connectivit\u00e9 strat\u00e9gique sont des points non n\u00e9gociables.<\/strong><\/p>\t\t\t\t\t\t\t\t<\/div>\n\t\t\t\t<\/div>\n\t\t<div class=\"elementor-element elementor-element-5b47e6ab e-con-full e-flex e-con e-child\" data-id=\"5b47e6ab\" data-element_type=\"container\" data-e-type=\"container\">\n\t\t\t\t<div class=\"elementor-element elementor-element-3f9683f3 elementor-widget elementor-widget-image\" data-id=\"3f9683f3\" data-element_type=\"widget\" data-e-type=\"widget\" data-widget_type=\"image.default\">\n\t\t\t\t\t\t\t\t\t\t\t\t\t\t\t<img fetchpriority=\"high\" decoding=\"async\" width=\"2560\" height=\"1429\" src=\"https:\/\/azureal.life\/wp-content\/uploads\/2026\/04\/7-scaled.png\" class=\"attachment-full size-full wp-image-25\" alt=\"\" srcset=\"https:\/\/azureal.life\/wp-content\/uploads\/2026\/04\/7-scaled.png 2560w, https:\/\/azureal.life\/wp-content\/uploads\/2026\/04\/7-300x168.png 300w, https:\/\/azureal.life\/wp-content\/uploads\/2026\/04\/7-1024x572.png 1024w, https:\/\/azureal.life\/wp-content\/uploads\/2026\/04\/7-768x429.png 768w, https:\/\/azureal.life\/wp-content\/uploads\/2026\/04\/7-1536x858.png 1536w, https:\/\/azureal.life\/wp-content\/uploads\/2026\/04\/7-2048x1143.png 2048w\" sizes=\"(max-width: 2560px) 100vw, 2560px\" \/>\t\t\t\t\t\t\t\t\t\t\t\t\t\t\t<\/div>\n\t\t\t\t<\/div>\n\t\t\t\t<\/div>\n\t\t<div class=\"elementor-element elementor-element-a0f57ec e-flex e-con-boxed e-con e-parent\" data-id=\"a0f57ec\" data-element_type=\"container\" data-e-type=\"container\">\n\t\t\t\t\t<div class=\"e-con-inner\">\n\t\t\t\t<div class=\"elementor-element elementor-element-825c12f elementor-widget elementor-widget-heading\" data-id=\"825c12f\" data-element_type=\"widget\" data-e-type=\"widget\" data-widget_type=\"heading.default\">\n\t\t\t\t\t<h5 class=\"elementor-heading-title elementor-size-default\">Le projet AzuR\u00e9al<\/h5>\t\t\t\t<\/div>\n\t\t\t\t<div class=\"elementor-element elementor-element-53a6c907 gallery-spacing-custom elementor-widget elementor-widget-image-gallery\" data-id=\"53a6c907\" data-element_type=\"widget\" data-e-type=\"widget\" data-widget_type=\"image-gallery.default\">\n\t\t\t\t\t\t\t<div class=\"elementor-image-gallery\">\n\t\t\t<div id='gallery-1' class='gallery galleryid-63 gallery-columns-3 gallery-size-full'><figure class='gallery-item'>\n\t\t\t<div class='gallery-icon landscape'>\n\t\t\t\t<a data-elementor-open-lightbox=\"yes\" data-elementor-lightbox-slideshow=\"53a6c907\" data-elementor-lightbox-title=\"7\" data-e-action-hash=\"#elementor-action%3Aaction%3Dlightbox%26settings%3DeyJpZCI6MjUsInVybCI6Imh0dHA6XC9cL2F6dXJlYWwubGlmZVwvd3AtY29udGVudFwvdXBsb2Fkc1wvMjAyNlwvMDRcLzctc2NhbGVkLnBuZyIsInNsaWRlc2hvdyI6IjUzYTZjOTA3In0%3D\" href='https:\/\/azureal.life\/wp-content\/uploads\/2026\/04\/7-scaled.png'><img decoding=\"async\" width=\"2560\" height=\"1429\" src=\"https:\/\/azureal.life\/wp-content\/uploads\/2026\/04\/7-scaled.png\" class=\"attachment-full size-full\" alt=\"\" srcset=\"https:\/\/azureal.life\/wp-content\/uploads\/2026\/04\/7-scaled.png 2560w, https:\/\/azureal.life\/wp-content\/uploads\/2026\/04\/7-300x168.png 300w, https:\/\/azureal.life\/wp-content\/uploads\/2026\/04\/7-1024x572.png 1024w, https:\/\/azureal.life\/wp-content\/uploads\/2026\/04\/7-768x429.png 768w, https:\/\/azureal.life\/wp-content\/uploads\/2026\/04\/7-1536x858.png 1536w, https:\/\/azureal.life\/wp-content\/uploads\/2026\/04\/7-2048x1143.png 2048w\" sizes=\"(max-width: 2560px) 100vw, 2560px\" \/><\/a>\n\t\t\t<\/div><\/figure><figure class='gallery-item'>\n\t\t\t<div class='gallery-icon landscape'>\n\t\t\t\t<a data-elementor-open-lightbox=\"yes\" data-elementor-lightbox-slideshow=\"53a6c907\" data-elementor-lightbox-title=\"A ingresso commerciale 3\" data-e-action-hash=\"#elementor-action%3Aaction%3Dlightbox%26settings%3DeyJpZCI6MjgsInVybCI6Imh0dHA6XC9cL2F6dXJlYWwubGlmZVwvd3AtY29udGVudFwvdXBsb2Fkc1wvMjAyNlwvMDRcL0EtaW5ncmVzc28tY29tbWVyY2lhbGUtMy5qcGVnIiwic2xpZGVzaG93IjoiNTNhNmM5MDcifQ%3D%3D\" href='https:\/\/azureal.life\/wp-content\/uploads\/2026\/04\/A-ingresso-commerciale-3.jpeg'><img decoding=\"async\" width=\"1600\" height=\"900\" src=\"https:\/\/azureal.life\/wp-content\/uploads\/2026\/04\/A-ingresso-commerciale-3.jpeg\" class=\"attachment-full size-full\" alt=\"\" srcset=\"https:\/\/azureal.life\/wp-content\/uploads\/2026\/04\/A-ingresso-commerciale-3.jpeg 1600w, https:\/\/azureal.life\/wp-content\/uploads\/2026\/04\/A-ingresso-commerciale-3-300x169.jpeg 300w, https:\/\/azureal.life\/wp-content\/uploads\/2026\/04\/A-ingresso-commerciale-3-1024x576.jpeg 1024w, https:\/\/azureal.life\/wp-content\/uploads\/2026\/04\/A-ingresso-commerciale-3-768x432.jpeg 768w, https:\/\/azureal.life\/wp-content\/uploads\/2026\/04\/A-ingresso-commerciale-3-1536x864.jpeg 1536w\" sizes=\"(max-width: 1600px) 100vw, 1600px\" \/><\/a>\n\t\t\t<\/div><\/figure><figure class='gallery-item'>\n\t\t\t<div class='gallery-icon landscape'>\n\t\t\t\t<a data-elementor-open-lightbox=\"yes\" data-elementor-lightbox-slideshow=\"53a6c907\" data-elementor-lightbox-title=\"6\" data-e-action-hash=\"#elementor-action%3Aaction%3Dlightbox%26settings%3DeyJpZCI6MjQsInVybCI6Imh0dHA6XC9cL2F6dXJlYWwubGlmZVwvd3AtY29udGVudFwvdXBsb2Fkc1wvMjAyNlwvMDRcLzYtc2NhbGVkLnBuZyIsInNsaWRlc2hvdyI6IjUzYTZjOTA3In0%3D\" href='https:\/\/azureal.life\/wp-content\/uploads\/2026\/04\/6-scaled.png'><img loading=\"lazy\" decoding=\"async\" width=\"2560\" height=\"1429\" src=\"https:\/\/azureal.life\/wp-content\/uploads\/2026\/04\/6-scaled.png\" class=\"attachment-full size-full\" alt=\"\" srcset=\"https:\/\/azureal.life\/wp-content\/uploads\/2026\/04\/6-scaled.png 2560w, https:\/\/azureal.life\/wp-content\/uploads\/2026\/04\/6-300x168.png 300w, https:\/\/azureal.life\/wp-content\/uploads\/2026\/04\/6-1024x572.png 1024w, https:\/\/azureal.life\/wp-content\/uploads\/2026\/04\/6-768x429.png 768w, https:\/\/azureal.life\/wp-content\/uploads\/2026\/04\/6-1536x858.png 1536w, https:\/\/azureal.life\/wp-content\/uploads\/2026\/04\/6-2048x1143.png 2048w\" sizes=\"(max-width: 2560px) 100vw, 2560px\" \/><\/a>\n\t\t\t<\/div><\/figure><figure class='gallery-item'>\n\t\t\t<div class='gallery-icon landscape'>\n\t\t\t\t<a data-elementor-open-lightbox=\"yes\" data-elementor-lightbox-slideshow=\"53a6c907\" data-elementor-lightbox-title=\"A ingresso pedonale\" data-e-action-hash=\"#elementor-action%3Aaction%3Dlightbox%26settings%3DeyJpZCI6MzAsInVybCI6Imh0dHA6XC9cL2F6dXJlYWwubGlmZVwvd3AtY29udGVudFwvdXBsb2Fkc1wvMjAyNlwvMDRcL0EtaW5ncmVzc28tcGVkb25hbGUuanBlZyIsInNsaWRlc2hvdyI6IjUzYTZjOTA3In0%3D\" href='https:\/\/azureal.life\/wp-content\/uploads\/2026\/04\/A-ingresso-pedonale.jpeg'><img loading=\"lazy\" decoding=\"async\" width=\"1600\" height=\"900\" src=\"https:\/\/azureal.life\/wp-content\/uploads\/2026\/04\/A-ingresso-pedonale.jpeg\" class=\"attachment-full size-full\" alt=\"\" srcset=\"https:\/\/azureal.life\/wp-content\/uploads\/2026\/04\/A-ingresso-pedonale.jpeg 1600w, https:\/\/azureal.life\/wp-content\/uploads\/2026\/04\/A-ingresso-pedonale-300x169.jpeg 300w, https:\/\/azureal.life\/wp-content\/uploads\/2026\/04\/A-ingresso-pedonale-1024x576.jpeg 1024w, https:\/\/azureal.life\/wp-content\/uploads\/2026\/04\/A-ingresso-pedonale-768x432.jpeg 768w, https:\/\/azureal.life\/wp-content\/uploads\/2026\/04\/A-ingresso-pedonale-1536x864.jpeg 1536w\" sizes=\"(max-width: 1600px) 100vw, 1600px\" \/><\/a>\n\t\t\t<\/div><\/figure><figure class='gallery-item'>\n\t\t\t<div class='gallery-icon landscape'>\n\t\t\t\t<a data-elementor-open-lightbox=\"yes\" data-elementor-lightbox-slideshow=\"53a6c907\" data-elementor-lightbox-title=\"BC angolo 2\" data-e-action-hash=\"#elementor-action%3Aaction%3Dlightbox%26settings%3DeyJpZCI6MjcsInVybCI6Imh0dHA6XC9cL2F6dXJlYWwubGlmZVwvd3AtY29udGVudFwvdXBsb2Fkc1wvMjAyNlwvMDRcL0JDLWFuZ29sby0yLmpwZWciLCJzbGlkZXNob3ciOiI1M2E2YzkwNyJ9\" href='https:\/\/azureal.life\/wp-content\/uploads\/2026\/04\/BC-angolo-2.jpeg'><img loading=\"lazy\" decoding=\"async\" width=\"1600\" height=\"900\" src=\"https:\/\/azureal.life\/wp-content\/uploads\/2026\/04\/BC-angolo-2.jpeg\" class=\"attachment-full size-full\" alt=\"\" srcset=\"https:\/\/azureal.life\/wp-content\/uploads\/2026\/04\/BC-angolo-2.jpeg 1600w, https:\/\/azureal.life\/wp-content\/uploads\/2026\/04\/BC-angolo-2-300x169.jpeg 300w, https:\/\/azureal.life\/wp-content\/uploads\/2026\/04\/BC-angolo-2-1024x576.jpeg 1024w, https:\/\/azureal.life\/wp-content\/uploads\/2026\/04\/BC-angolo-2-768x432.jpeg 768w, https:\/\/azureal.life\/wp-content\/uploads\/2026\/04\/BC-angolo-2-1536x864.jpeg 1536w\" sizes=\"(max-width: 1600px) 100vw, 1600px\" \/><\/a>\n\t\t\t<\/div><\/figure><figure class='gallery-item'>\n\t\t\t<div class='gallery-icon landscape'>\n\t\t\t\t<a data-elementor-open-lightbox=\"yes\" data-elementor-lightbox-slideshow=\"53a6c907\" data-elementor-lightbox-title=\"14\" data-e-action-hash=\"#elementor-action%3Aaction%3Dlightbox%26settings%3DeyJpZCI6MjIsInVybCI6Imh0dHA6XC9cL2F6dXJlYWwubGlmZVwvd3AtY29udGVudFwvdXBsb2Fkc1wvMjAyNlwvMDRcLzE0LXNjYWxlZC5wbmciLCJzbGlkZXNob3ciOiI1M2E2YzkwNyJ9\" href='https:\/\/azureal.life\/wp-content\/uploads\/2026\/04\/14-scaled.png'><img loading=\"lazy\" decoding=\"async\" width=\"2560\" height=\"1429\" src=\"https:\/\/azureal.life\/wp-content\/uploads\/2026\/04\/14-scaled.png\" class=\"attachment-full size-full\" alt=\"\" srcset=\"https:\/\/azureal.life\/wp-content\/uploads\/2026\/04\/14-scaled.png 2560w, https:\/\/azureal.life\/wp-content\/uploads\/2026\/04\/14-300x168.png 300w, https:\/\/azureal.life\/wp-content\/uploads\/2026\/04\/14-1024x572.png 1024w, https:\/\/azureal.life\/wp-content\/uploads\/2026\/04\/14-768x429.png 768w, https:\/\/azureal.life\/wp-content\/uploads\/2026\/04\/14-1536x858.png 1536w, https:\/\/azureal.life\/wp-content\/uploads\/2026\/04\/14-2048x1143.png 2048w\" sizes=\"(max-width: 2560px) 100vw, 2560px\" \/><\/a>\n\t\t\t<\/div><\/figure><figure class='gallery-item'>\n\t\t\t<div class='gallery-icon landscape'>\n\t\t\t\t<a data-elementor-open-lightbox=\"yes\" data-elementor-lightbox-slideshow=\"53a6c907\" data-elementor-lightbox-title=\"13\" data-e-action-hash=\"#elementor-action%3Aaction%3Dlightbox%26settings%3DeyJpZCI6MjEsInVybCI6Imh0dHA6XC9cL2F6dXJlYWwubGlmZVwvd3AtY29udGVudFwvdXBsb2Fkc1wvMjAyNlwvMDRcLzEzLXNjYWxlZC5wbmciLCJzbGlkZXNob3ciOiI1M2E2YzkwNyJ9\" href='https:\/\/azureal.life\/wp-content\/uploads\/2026\/04\/13-scaled.png'><img loading=\"lazy\" decoding=\"async\" width=\"2560\" height=\"1429\" src=\"https:\/\/azureal.life\/wp-content\/uploads\/2026\/04\/13-scaled.png\" class=\"attachment-full size-full\" alt=\"\" srcset=\"https:\/\/azureal.life\/wp-content\/uploads\/2026\/04\/13-scaled.png 2560w, https:\/\/azureal.life\/wp-content\/uploads\/2026\/04\/13-300x168.png 300w, https:\/\/azureal.life\/wp-content\/uploads\/2026\/04\/13-1024x572.png 1024w, https:\/\/azureal.life\/wp-content\/uploads\/2026\/04\/13-768x429.png 768w, https:\/\/azureal.life\/wp-content\/uploads\/2026\/04\/13-1536x858.png 1536w, https:\/\/azureal.life\/wp-content\/uploads\/2026\/04\/13-2048x1143.png 2048w\" sizes=\"(max-width: 2560px) 100vw, 2560px\" \/><\/a>\n\t\t\t<\/div><\/figure><figure class='gallery-item'>\n\t\t\t<div class='gallery-icon landscape'>\n\t\t\t\t<a data-elementor-open-lightbox=\"yes\" data-elementor-lightbox-slideshow=\"53a6c907\" data-elementor-lightbox-title=\"12-ai\" data-e-action-hash=\"#elementor-action%3Aaction%3Dlightbox%26settings%3DeyJpZCI6MjAsInVybCI6Imh0dHA6XC9cL2F6dXJlYWwubGlmZVwvd3AtY29udGVudFwvdXBsb2Fkc1wvMjAyNlwvMDRcLzEyLWFpLXNjYWxlZC5wbmciLCJzbGlkZXNob3ciOiI1M2E2YzkwNyJ9\" href='https:\/\/azureal.life\/wp-content\/uploads\/2026\/04\/12-ai-scaled.png'><img loading=\"lazy\" decoding=\"async\" width=\"2560\" height=\"1429\" src=\"https:\/\/azureal.life\/wp-content\/uploads\/2026\/04\/12-ai-scaled.png\" class=\"attachment-full size-full\" alt=\"\" srcset=\"https:\/\/azureal.life\/wp-content\/uploads\/2026\/04\/12-ai-scaled.png 2560w, https:\/\/azureal.life\/wp-content\/uploads\/2026\/04\/12-ai-300x168.png 300w, https:\/\/azureal.life\/wp-content\/uploads\/2026\/04\/12-ai-1024x572.png 1024w, https:\/\/azureal.life\/wp-content\/uploads\/2026\/04\/12-ai-768x429.png 768w, https:\/\/azureal.life\/wp-content\/uploads\/2026\/04\/12-ai-1536x858.png 1536w, https:\/\/azureal.life\/wp-content\/uploads\/2026\/04\/12-ai-2048x1143.png 2048w\" sizes=\"(max-width: 2560px) 100vw, 2560px\" \/><\/a>\n\t\t\t<\/div><\/figure><figure class='gallery-item'>\n\t\t\t<div class='gallery-icon landscape'>\n\t\t\t\t<a data-elementor-open-lightbox=\"yes\" data-elementor-lightbox-slideshow=\"53a6c907\" data-elementor-lightbox-title=\"10\" data-e-action-hash=\"#elementor-action%3Aaction%3Dlightbox%26settings%3DeyJpZCI6MTksInVybCI6Imh0dHA6XC9cL2F6dXJlYWwubGlmZVwvd3AtY29udGVudFwvdXBsb2Fkc1wvMjAyNlwvMDRcLzEwLXNjYWxlZC5wbmciLCJzbGlkZXNob3ciOiI1M2E2YzkwNyJ9\" href='https:\/\/azureal.life\/wp-content\/uploads\/2026\/04\/10-scaled.png'><img loading=\"lazy\" decoding=\"async\" width=\"2560\" height=\"1440\" src=\"https:\/\/azureal.life\/wp-content\/uploads\/2026\/04\/10-scaled.png\" class=\"attachment-full size-full\" alt=\"\" srcset=\"https:\/\/azureal.life\/wp-content\/uploads\/2026\/04\/10-scaled.png 2560w, https:\/\/azureal.life\/wp-content\/uploads\/2026\/04\/10-300x169.png 300w, https:\/\/azureal.life\/wp-content\/uploads\/2026\/04\/10-1024x576.png 1024w, https:\/\/azureal.life\/wp-content\/uploads\/2026\/04\/10-768x432.png 768w, https:\/\/azureal.life\/wp-content\/uploads\/2026\/04\/10-1536x864.png 1536w, https:\/\/azureal.life\/wp-content\/uploads\/2026\/04\/10-2048x1152.png 2048w\" sizes=\"(max-width: 2560px) 100vw, 2560px\" \/><\/a>\n\t\t\t<\/div><\/figure>\n\t\t<\/div>\n\t\t<\/div>\n\t\t\t\t\t\t<\/div>\n\t\t\t\t\t<\/div>\n\t\t\t\t<\/div>\n\t\t\t\t<div class=\"elementor-element elementor-element-99d9007 e-con e-atomic-element e-flexbox-base\" data-id=\"99d9007\" data-element_type=\"e-flexbox\" data-e-type=\"e-flexbox\" data-interaction-id=\"99d9007\">\n\t\t\t\t<\/div>\n\t\t\t\t<\/div>\n\t\t","protected":false},"excerpt":{"rendered":"<p>R\u00e9sidences de luxe \u00e0 Abidjan. Elles s\u2019\u00e9l\u00e8vent sur huit \u00e9tages, chaque niveau accueillant un ou maximum deux appartements de prestige, garantissant intimit\u00e9, calme et confort absolu.<\/p>\n","protected":false},"author":1,"featured_media":67,"parent":0,"menu_order":0,"comment_status":"closed","ping_status":"closed","template":"elementor_header_footer","meta":{"footnotes":""},"class_list":["post-63","page","type-page","status-publish","has-post-thumbnail","hentry"],"_links":{"self":[{"href":"https:\/\/azureal.life\/index.php\/wp-json\/wp\/v2\/pages\/63","targetHints":{"allow":["GET"]}}],"collection":[{"href":"https:\/\/azureal.life\/index.php\/wp-json\/wp\/v2\/pages"}],"about":[{"href":"https:\/\/azureal.life\/index.php\/wp-json\/wp\/v2\/types\/page"}],"author":[{"embeddable":true,"href":"https:\/\/azureal.life\/index.php\/wp-json\/wp\/v2\/users\/1"}],"replies":[{"embeddable":true,"href":"https:\/\/azureal.life\/index.php\/wp-json\/wp\/v2\/comments?post=63"}],"version-history":[{"count":73,"href":"https:\/\/azureal.life\/index.php\/wp-json\/wp\/v2\/pages\/63\/revisions"}],"predecessor-version":[{"id":167,"href":"https:\/\/azureal.life\/index.php\/wp-json\/wp\/v2\/pages\/63\/revisions\/167"}],"wp:featuredmedia":[{"embeddable":true,"href":"https:\/\/azureal.life\/index.php\/wp-json\/wp\/v2\/media\/67"}],"wp:attachment":[{"href":"https:\/\/azureal.life\/index.php\/wp-json\/wp\/v2\/media?parent=63"}],"curies":[{"name":"wp","href":"https:\/\/api.w.org\/{rel}","templated":true}]}}